{"id":433,"date":"2024-05-28T13:46:23","date_gmt":"2024-05-28T13:46:23","guid":{"rendered":"https:\/\/wonderfulsalalah.com\/?page_id=433"},"modified":"2024-11-14T11:40:37","modified_gmt":"2024-11-14T07:40:37","slug":"tour-packages","status":"publish","type":"page","link":"https:\/\/wonderfulsalalah.com\/sk\/tour-packages\/","title":{"rendered":"Z\u00e1jazdy"},"content":{"rendered":"<div data-elementor-type=\"wp-page\" data-elementor-id=\"433\" class=\"elementor elementor-433\" data-elementor-post-type=\"page\">\n\t\t\t\t\t\t<section class=\"elementor-section elementor-top-section elementor-element elementor-element-9b62a20 elementor-section-height-min-height elementor-section-boxed elementor-section-height-default elementor-section-items-middle\" data-id=\"9b62a20\" data-element_type=\"section\" data-e-type=\"section\" data-settings=\"{&quot;background_background&quot;:&quot;classic&quot;}\">\n\t\t\t\t\t\t\t<div class=\"elementor-background-overlay\"><\/div>\n\t\t\t\t\t\t\t<div class=\"elementor-container elementor-column-gap-default\">\n\t\t\t\t\t<div class=\"elementor-column elementor-col-100 elementor-top-column elementor-element elementor-element-29116d2\" data-id=\"29116d2\" data-element_type=\"column\" data-e-type=\"column\">\n\t\t\t<div class=\"elementor-widget-wrap elementor-element-populated\">\n\t\t\t\t\t\t<div class=\"elementor-element elementor-element-cabee8f elementor-invisible elementor-widget elementor-widget-heading\" data-id=\"cabee8f\" data-element_type=\"widget\" data-e-type=\"widget\" data-settings=\"{&quot;_animation&quot;:&quot;fadeInUp&quot;}\" data-widget_type=\"heading.default\">\n\t\t\t\t<div class=\"elementor-widget-container\">\n\t\t\t\t\t<h1 class=\"elementor-heading-title elementor-size-default\">Z\u00e1jazdy<\/h1>\t\t\t\t<\/div>\n\t\t\t\t<\/div>\n\t\t\t\t<div class=\"elementor-element elementor-element-a3710c8 elementor-icon-list--layout-inline elementor-align-center elementor-list-item-link-full_width elementor-invisible elementor-widget elementor-widget-icon-list\" data-id=\"a3710c8\" data-element_type=\"widget\" data-e-type=\"widget\" data-settings=\"{&quot;_animation&quot;:&quot;fadeInUp&quot;}\" data-widget_type=\"icon-list.default\">\n\t\t\t\t<div class=\"elementor-widget-container\">\n\t\t\t\t\t\t\t<ul class=\"elementor-icon-list-items elementor-inline-items\">\n\t\t\t\t\t\t\t<li class=\"elementor-icon-list-item elementor-inline-item\">\n\t\t\t\t\t\t\t\t\t\t\t<a href=\"https:\/\/wonderfulsalalah.com\/sk\/\">\n\n\t\t\t\t\t\t\t\t\t\t\t<span class=\"elementor-icon-list-text\">Domov<\/span>\n\t\t\t\t\t\t\t\t\t\t\t<\/a>\n\t\t\t\t\t\t\t\t\t<\/li>\n\t\t\t\t\t\t\t\t<li class=\"elementor-icon-list-item elementor-inline-item\">\n\t\t\t\t\t\t\t\t\t\t\t<span class=\"elementor-icon-list-icon\">\n\t\t\t\t\t\t\t<svg aria-hidden=\"true\" class=\"e-font-icon-svg e-fas-angle-right\" viewbox=\"0 0 256 512\" xmlns=\"http:\/\/www.w3.org\/2000\/svg\"><path d=\"M224.3 273l-136 136c-9.4 9.4-24.6 9.4-33.9 0l-22.6-22.6c-9.4-9.4-9.4-24.6 0-33.9l96.4-96.4-96.4-96.4c-9.4-9.4-9.4-24.6 0-33.9L54.3 103c9.4-9.4 24.6-9.4 33.9 0l136 136c9.5 9.4 9.5 24.6.1 34z\"><\/path><\/svg>\t\t\t\t\t\t<\/span>\n\t\t\t\t\t\t\t\t\t\t<span class=\"elementor-icon-list-text\">Z\u00e1jazdy<\/span>\n\t\t\t\t\t\t\t\t\t<\/li>\n\t\t\t\t\t\t<\/ul>\n\t\t\t\t\t\t<\/div>\n\t\t\t\t<\/div>\n\t\t\t\t\t<\/div>\n\t\t<\/div>\n\t\t\t\t\t<\/div>\n\t\t<\/section>\n\t\t\t\t<section class=\"elementor-section elementor-top-section elementor-element elementor-element-5e1b70a elementor-section-boxed elementor-section-height-default elementor-section-height-default\" data-id=\"5e1b70a\" data-element_type=\"section\" data-e-type=\"section\">\n\t\t\t\t\t\t<div class=\"elementor-container elementor-column-gap-default\">\n\t\t\t\t\t<div class=\"elementor-column elementor-col-100 elementor-top-column elementor-element elementor-element-b697c61\" data-id=\"b697c61\" data-element_type=\"column\" data-e-type=\"column\">\n\t\t\t<div class=\"elementor-widget-wrap elementor-element-populated\">\n\t\t\t\t\t\t<section class=\"elementor-section elementor-inner-section elementor-element elementor-element-28ff238 elementor-section-boxed elementor-section-height-default elementor-section-height-default\" data-id=\"28ff238\" data-element_type=\"section\" data-e-type=\"section\">\n\t\t\t\t\t\t<div class=\"elementor-container elementor-column-gap-default\">\n\t\t\t\t\t<div class=\"elementor-column elementor-col-50 elementor-inner-column elementor-element elementor-element-779a8dd\" data-id=\"779a8dd\" data-element_type=\"column\" data-e-type=\"column\">\n\t\t\t<div class=\"elementor-widget-wrap elementor-element-populated\">\n\t\t\t\t\t\t<div class=\"elementor-element elementor-element-e829296 elementor-widget elementor-widget-text-editor\" data-id=\"e829296\" data-element_type=\"widget\" data-e-type=\"widget\" data-widget_type=\"text-editor.default\">\n\t\t\t\t<div class=\"elementor-widget-container\">\n\t\t\t\t\t\t\t\t\t<p>N\u00c1DHERN\u00c9 SALALAH PON\u00daKA<\/p>\t\t\t\t\t\t\t\t<\/div>\n\t\t\t\t<\/div>\n\t\t\t\t<div class=\"elementor-element elementor-element-8274163 elementor-widget elementor-widget-heading\" data-id=\"8274163\" data-element_type=\"widget\" data-e-type=\"widget\" data-widget_type=\"heading.default\">\n\t\t\t\t<div class=\"elementor-widget-container\">\n\t\t\t\t\t<h2 class=\"elementor-heading-title elementor-size-default\">Najlep\u0161ie Salalah Z\u00e1jazdy v Om\u00e1nu<\/h2>\t\t\t\t<\/div>\n\t\t\t\t<\/div>\n\t\t\t\t\t<\/div>\n\t\t<\/div>\n\t\t\t\t<div class=\"elementor-column elementor-col-50 elementor-inner-column elementor-element elementor-element-be6a0ba\" data-id=\"be6a0ba\" data-element_type=\"column\" data-e-type=\"column\">\n\t\t\t<div class=\"elementor-widget-wrap\">\n\t\t\t\t\t\t\t<\/div>\n\t\t<\/div>\n\t\t\t\t\t<\/div>\n\t\t<\/section>\n\t\t\t\t<section class=\"elementor-section elementor-inner-section elementor-element elementor-element-8bcc229 elementor-section-boxed elementor-section-height-default elementor-section-height-default\" data-id=\"8bcc229\" data-element_type=\"section\" data-e-type=\"section\">\n\t\t\t\t\t\t<div class=\"elementor-container elementor-column-gap-no\">\n\t\t\t\t\t<div class=\"elementor-column elementor-col-33 elementor-inner-column elementor-element elementor-element-60edd92 elementor-invisible\" data-id=\"60edd92\" data-element_type=\"column\" data-e-type=\"column\" data-settings=\"{&quot;background_background&quot;:&quot;classic&quot;,&quot;animation&quot;:&quot;fadeInUp&quot;}\">\n\t\t\t<div class=\"elementor-widget-wrap elementor-element-populated\">\n\t\t\t\t\t\t<div class=\"elementor-element elementor-element-ee67300 elementor-widget elementor-widget-image\" data-id=\"ee67300\" data-element_type=\"widget\" data-e-type=\"widget\" data-widget_type=\"image.default\">\n\t\t\t\t<div class=\"elementor-widget-container\">\n\t\t\t\t\t\t\t\t\t\t\t\t\t\t\t<img fetchpriority=\"high\" decoding=\"async\" width=\"800\" height=\"534\" src=\"https:\/\/wonderfulsalalah.com\/wp-content\/uploads\/2024\/05\/salalah-orient-1024x683.jpg\" class=\"attachment-large size-large wp-image-259\" alt=\"salalah orient\" srcset=\"https:\/\/wonderfulsalalah.com\/wp-content\/uploads\/2024\/05\/salalah-orient-1024x683.jpg 1024w, https:\/\/wonderfulsalalah.com\/wp-content\/uploads\/2024\/05\/salalah-orient-300x200.jpg 300w, https:\/\/wonderfulsalalah.com\/wp-content\/uploads\/2024\/05\/salalah-orient-768x512.jpg 768w, https:\/\/wonderfulsalalah.com\/wp-content\/uploads\/2024\/05\/salalah-orient.jpg 1200w\" sizes=\"(max-width: 800px) 100vw, 800px\" \/>\t\t\t\t\t\t\t\t\t\t\t\t\t\t\t<\/div>\n\t\t\t\t<\/div>\n\t\t\t\t<div class=\"elementor-element elementor-element-8078321 elementor-widget elementor-widget-heading\" data-id=\"8078321\" data-element_type=\"widget\" data-e-type=\"widget\" data-widget_type=\"heading.default\">\n\t\t\t\t<div class=\"elementor-widget-container\">\n\t\t\t\t\t<h2 class=\"elementor-heading-title elementor-size-default\"><a href=\"https:\/\/wonderfulsalalah.com\/sk\/tour-packages\/western-salalah-the-caribbean-of-the-orient\/\">Western Salalah - Karibiku Orientu<\/a><\/h2>\t\t\t\t<\/div>\n\t\t\t\t<\/div>\n\t\t\t\t<div class=\"elementor-element elementor-element-99acdfa elementor-widget elementor-widget-text-editor\" data-id=\"99acdfa\" data-element_type=\"widget\" data-e-type=\"widget\" data-widget_type=\"text-editor.default\">\n\t\t\t\t<div class=\"elementor-widget-container\">\n\t\t\t\t\t\t\t\t\t\u2b50\u2b50\u2b50\u2b50\u2b50\t\t\t\t\t\t\t\t<\/div>\n\t\t\t\t<\/div>\n\t\t\t\t<div class=\"elementor-element elementor-element-5386ec4 elementor-align-left elementor-button-success elementor-widget elementor-widget-button\" data-id=\"5386ec4\" data-element_type=\"widget\" data-e-type=\"widget\" data-widget_type=\"button.default\">\n\t\t\t\t<div class=\"elementor-widget-container\">\n\t\t\t\t\t\t\t\t\t<div class=\"elementor-button-wrapper\">\n\t\t\t\t\t<a class=\"elementor-button elementor-button-link elementor-size-sm\" href=\"https:\/\/wonderfulsalalah.com\/sk\/tour-packages\/western-salalah-the-caribbean-of-the-orient\/\">\n\t\t\t\t\t\t<span class=\"elementor-button-content-wrapper\">\n\t\t\t\t\t\t\t\t\t<span class=\"elementor-button-text\">Details<\/span>\n\t\t\t\t\t<\/span>\n\t\t\t\t\t<\/a>\n\t\t\t\t<\/div>\n\t\t\t\t\t\t\t\t<\/div>\n\t\t\t\t<\/div>\n\t\t\t\t\t<\/div>\n\t\t<\/div>\n\t\t\t\t<div class=\"elementor-column elementor-col-33 elementor-inner-column elementor-element elementor-element-7eff63b elementor-invisible\" data-id=\"7eff63b\" data-element_type=\"column\" data-e-type=\"column\" data-settings=\"{&quot;background_background&quot;:&quot;classic&quot;,&quot;animation&quot;:&quot;fadeInUp&quot;}\">\n\t\t\t<div class=\"elementor-widget-wrap elementor-element-populated\">\n\t\t\t\t\t\t<div class=\"elementor-element elementor-element-4b399ac elementor-widget elementor-widget-image\" data-id=\"4b399ac\" data-element_type=\"widget\" data-e-type=\"widget\" data-widget_type=\"image.default\">\n\t\t\t\t<div class=\"elementor-widget-container\">\n\t\t\t\t\t\t\t\t\t\t\t\t\t\t\t<img decoding=\"async\" width=\"800\" height=\"534\" src=\"https:\/\/wonderfulsalalah.com\/wp-content\/uploads\/2024\/05\/eastern-salalah-1024x683.jpg\" class=\"attachment-large size-large wp-image-287\" alt=\"eastern salalah\" srcset=\"https:\/\/wonderfulsalalah.com\/wp-content\/uploads\/2024\/05\/eastern-salalah-1024x683.jpg 1024w, https:\/\/wonderfulsalalah.com\/wp-content\/uploads\/2024\/05\/eastern-salalah-300x200.jpg 300w, https:\/\/wonderfulsalalah.com\/wp-content\/uploads\/2024\/05\/eastern-salalah-768x512.jpg 768w, https:\/\/wonderfulsalalah.com\/wp-content\/uploads\/2024\/05\/eastern-salalah.jpg 1200w\" sizes=\"(max-width: 800px) 100vw, 800px\" \/>\t\t\t\t\t\t\t\t\t\t\t\t\t\t\t<\/div>\n\t\t\t\t<\/div>\n\t\t\t\t<div class=\"elementor-element elementor-element-e152b3a elementor-widget elementor-widget-heading\" data-id=\"e152b3a\" data-element_type=\"widget\" data-e-type=\"widget\" data-widget_type=\"heading.default\">\n\t\t\t\t<div class=\"elementor-widget-container\">\n\t\t\t\t\t<h2 class=\"elementor-heading-title elementor-size-default\"><a href=\"https:\/\/wonderfulsalalah.com\/sk\/tour-packages\/eastern-salalah-mountains\/\">V\u00fdchodnej Salalah - Hory Tour<\/a><\/h2>\t\t\t\t<\/div>\n\t\t\t\t<\/div>\n\t\t\t\t<div class=\"elementor-element elementor-element-a79eb40 elementor-widget elementor-widget-text-editor\" data-id=\"a79eb40\" data-element_type=\"widget\" data-e-type=\"widget\" data-widget_type=\"text-editor.default\">\n\t\t\t\t<div class=\"elementor-widget-container\">\n\t\t\t\t\t\t\t\t\t\u2b50\u2b50\u2b50\u2b50\u2b50\t\t\t\t\t\t\t\t<\/div>\n\t\t\t\t<\/div>\n\t\t\t\t<div class=\"elementor-element elementor-element-662e97e elementor-align-left elementor-widget elementor-widget-button\" data-id=\"662e97e\" data-element_type=\"widget\" data-e-type=\"widget\" data-widget_type=\"button.default\">\n\t\t\t\t<div class=\"elementor-widget-container\">\n\t\t\t\t\t\t\t\t\t<div class=\"elementor-button-wrapper\">\n\t\t\t\t\t<a class=\"elementor-button elementor-button-link elementor-size-sm\" href=\"https:\/\/wonderfulsalalah.com\/sk\/tour-packages\/eastern-salalah-mountains\/\">\n\t\t\t\t\t\t<span class=\"elementor-button-content-wrapper\">\n\t\t\t\t\t\t\t\t\t<span class=\"elementor-button-text\">Details<\/span>\n\t\t\t\t\t<\/span>\n\t\t\t\t\t<\/a>\n\t\t\t\t<\/div>\n\t\t\t\t\t\t\t\t<\/div>\n\t\t\t\t<\/div>\n\t\t\t\t\t<\/div>\n\t\t<\/div>\n\t\t\t\t<div class=\"elementor-column elementor-col-33 elementor-inner-column elementor-element elementor-element-5cbb9e9 elementor-invisible\" data-id=\"5cbb9e9\" data-element_type=\"column\" data-e-type=\"column\" data-settings=\"{&quot;background_background&quot;:&quot;classic&quot;,&quot;animation&quot;:&quot;fadeInUp&quot;}\">\n\t\t\t<div class=\"elementor-widget-wrap elementor-element-populated\">\n\t\t\t\t\t\t<div class=\"elementor-element elementor-element-4a5000e elementor-widget elementor-widget-image\" data-id=\"4a5000e\" data-element_type=\"widget\" data-e-type=\"widget\" data-widget_type=\"image.default\">\n\t\t\t\t<div class=\"elementor-widget-container\">\n\t\t\t\t\t\t\t\t\t\t\t\t\t\t\t<img decoding=\"async\" width=\"800\" height=\"534\" src=\"https:\/\/wonderfulsalalah.com\/wp-content\/uploads\/2024\/05\/salalah-city-tour-1024x683.jpg\" class=\"attachment-large size-large wp-image-291\" alt=\"\" srcset=\"https:\/\/wonderfulsalalah.com\/wp-content\/uploads\/2024\/05\/salalah-city-tour-1024x683.jpg 1024w, https:\/\/wonderfulsalalah.com\/wp-content\/uploads\/2024\/05\/salalah-city-tour-300x200.jpg 300w, https:\/\/wonderfulsalalah.com\/wp-content\/uploads\/2024\/05\/salalah-city-tour-768x512.jpg 768w, https:\/\/wonderfulsalalah.com\/wp-content\/uploads\/2024\/05\/salalah-city-tour.jpg 1200w\" sizes=\"(max-width: 800px) 100vw, 800px\" \/>\t\t\t\t\t\t\t\t\t\t\t\t\t\t\t<\/div>\n\t\t\t\t<\/div>\n\t\t\t\t<div class=\"elementor-element elementor-element-6dc6e4f elementor-widget elementor-widget-heading\" data-id=\"6dc6e4f\" data-element_type=\"widget\" data-e-type=\"widget\" data-widget_type=\"heading.default\">\n\t\t\t\t<div class=\"elementor-widget-container\">\n\t\t\t\t\t<h2 class=\"elementor-heading-title elementor-size-default\"><a href=\"https:\/\/wonderfulsalalah.com\/sk\/tour-packages\/salalah-city-tour-and-gardens-mall\/\">Salalah City Tour &amp; Gardens Mall<\/a><\/h2>\t\t\t\t<\/div>\n\t\t\t\t<\/div>\n\t\t\t\t<div class=\"elementor-element elementor-element-f344119 elementor-widget elementor-widget-text-editor\" data-id=\"f344119\" data-element_type=\"widget\" data-e-type=\"widget\" data-widget_type=\"text-editor.default\">\n\t\t\t\t<div class=\"elementor-widget-container\">\n\t\t\t\t\t\t\t\t\t\u2b50\u2b50\u2b50\u2b50\u2b50\t\t\t\t\t\t\t\t<\/div>\n\t\t\t\t<\/div>\n\t\t\t\t<div class=\"elementor-element elementor-element-4e44098 elementor-align-left elementor-widget elementor-widget-button\" data-id=\"4e44098\" data-element_type=\"widget\" data-e-type=\"widget\" data-widget_type=\"button.default\">\n\t\t\t\t<div class=\"elementor-widget-container\">\n\t\t\t\t\t\t\t\t\t<div class=\"elementor-button-wrapper\">\n\t\t\t\t\t<a class=\"elementor-button elementor-button-link elementor-size-sm\" href=\"https:\/\/wonderfulsalalah.com\/sk\/tour-packages\/salalah-city-tour-and-gardens-mall\/\">\n\t\t\t\t\t\t<span class=\"elementor-button-content-wrapper\">\n\t\t\t\t\t\t\t\t\t<span class=\"elementor-button-text\">Details<\/span>\n\t\t\t\t\t<\/span>\n\t\t\t\t\t<\/a>\n\t\t\t\t<\/div>\n\t\t\t\t\t\t\t\t<\/div>\n\t\t\t\t<\/div>\n\t\t\t\t\t<\/div>\n\t\t<\/div>\n\t\t\t\t\t<\/div>\n\t\t<\/section>\n\t\t\t\t<section class=\"elementor-section elementor-inner-section elementor-element elementor-element-a27a361 elementor-section-boxed elementor-section-height-default elementor-section-height-default\" data-id=\"a27a361\" data-element_type=\"section\" data-e-type=\"section\">\n\t\t\t\t\t\t<div class=\"elementor-container elementor-column-gap-no\">\n\t\t\t\t\t<div class=\"elementor-column elementor-col-33 elementor-inner-column elementor-element elementor-element-6780b44 elementor-invisible\" data-id=\"6780b44\" data-element_type=\"column\" data-e-type=\"column\" data-settings=\"{&quot;background_background&quot;:&quot;classic&quot;,&quot;animation&quot;:&quot;fadeInUp&quot;}\">\n\t\t\t<div class=\"elementor-widget-wrap elementor-element-populated\">\n\t\t\t\t\t\t<div class=\"elementor-element elementor-element-df83503 elementor-widget elementor-widget-image\" data-id=\"df83503\" data-element_type=\"widget\" data-e-type=\"widget\" data-widget_type=\"image.default\">\n\t\t\t\t<div class=\"elementor-widget-container\">\n\t\t\t\t\t\t\t\t\t\t\t\t\t\t\t<img loading=\"lazy\" decoding=\"async\" width=\"800\" height=\"600\" src=\"https:\/\/wonderfulsalalah.com\/wp-content\/uploads\/2024\/05\/Salalah-City-Tour-by-Night-1024x768.jpg\" class=\"attachment-large size-large wp-image-746\" alt=\"Salalah City Tour by Night\" srcset=\"https:\/\/wonderfulsalalah.com\/wp-content\/uploads\/2024\/05\/Salalah-City-Tour-by-Night-1024x768.jpg 1024w, https:\/\/wonderfulsalalah.com\/wp-content\/uploads\/2024\/05\/Salalah-City-Tour-by-Night-300x225.jpg 300w, https:\/\/wonderfulsalalah.com\/wp-content\/uploads\/2024\/05\/Salalah-City-Tour-by-Night-768x576.jpg 768w, https:\/\/wonderfulsalalah.com\/wp-content\/uploads\/2024\/05\/Salalah-City-Tour-by-Night-16x12.jpg 16w, https:\/\/wonderfulsalalah.com\/wp-content\/uploads\/2024\/05\/Salalah-City-Tour-by-Night.jpg 1152w\" sizes=\"(max-width: 800px) 100vw, 800px\" \/>\t\t\t\t\t\t\t\t\t\t\t\t\t\t\t<\/div>\n\t\t\t\t<\/div>\n\t\t\t\t<div class=\"elementor-element elementor-element-12e0bb5 elementor-widget elementor-widget-heading\" data-id=\"12e0bb5\" data-element_type=\"widget\" data-e-type=\"widget\" data-widget_type=\"heading.default\">\n\t\t\t\t<div class=\"elementor-widget-container\">\n\t\t\t\t\t<h2 class=\"elementor-heading-title elementor-size-default\"><a href=\"https:\/\/wonderfulsalalah.com\/sk\/tour-packages\/salalah-city-tour-by-night\/\">Salalah Prehliadka Mesta v Noci<\/a><\/h2>\t\t\t\t<\/div>\n\t\t\t\t<\/div>\n\t\t\t\t<div class=\"elementor-element elementor-element-e2c2a11 elementor-widget elementor-widget-text-editor\" data-id=\"e2c2a11\" data-element_type=\"widget\" data-e-type=\"widget\" data-widget_type=\"text-editor.default\">\n\t\t\t\t<div class=\"elementor-widget-container\">\n\t\t\t\t\t\t\t\t\t\u2b50\u2b50\u2b50\u2b50\u2b50\t\t\t\t\t\t\t\t<\/div>\n\t\t\t\t<\/div>\n\t\t\t\t<div class=\"elementor-element elementor-element-025d318 elementor-align-left elementor-widget elementor-widget-button\" data-id=\"025d318\" data-element_type=\"widget\" data-e-type=\"widget\" data-widget_type=\"button.default\">\n\t\t\t\t<div class=\"elementor-widget-container\">\n\t\t\t\t\t\t\t\t\t<div class=\"elementor-button-wrapper\">\n\t\t\t\t\t<a class=\"elementor-button elementor-button-link elementor-size-sm\" href=\"https:\/\/wonderfulsalalah.com\/sk\/tour-packages\/salalah-city-tour-by-night\/\">\n\t\t\t\t\t\t<span class=\"elementor-button-content-wrapper\">\n\t\t\t\t\t\t\t\t\t<span class=\"elementor-button-text\">Details<\/span>\n\t\t\t\t\t<\/span>\n\t\t\t\t\t<\/a>\n\t\t\t\t<\/div>\n\t\t\t\t\t\t\t\t<\/div>\n\t\t\t\t<\/div>\n\t\t\t\t\t<\/div>\n\t\t<\/div>\n\t\t\t\t<div class=\"elementor-column elementor-col-33 elementor-inner-column elementor-element elementor-element-3bd25dd elementor-invisible\" data-id=\"3bd25dd\" data-element_type=\"column\" data-e-type=\"column\" data-settings=\"{&quot;background_background&quot;:&quot;classic&quot;,&quot;animation&quot;:&quot;fadeInUp&quot;}\">\n\t\t\t<div class=\"elementor-widget-wrap elementor-element-populated\">\n\t\t\t\t\t\t<div class=\"elementor-element elementor-element-bfaf730 elementor-widget elementor-widget-image\" data-id=\"bfaf730\" data-element_type=\"widget\" data-e-type=\"widget\" data-widget_type=\"image.default\">\n\t\t\t\t<div class=\"elementor-widget-container\">\n\t\t\t\t\t\t\t\t\t\t\t\t\t\t\t<img loading=\"lazy\" decoding=\"async\" width=\"800\" height=\"600\" src=\"https:\/\/wonderfulsalalah.com\/wp-content\/uploads\/2024\/05\/Sunset-in-the-Desert-1024x768.jpg\" class=\"attachment-large size-large wp-image-750\" alt=\"Sunset in the Desert\" srcset=\"https:\/\/wonderfulsalalah.com\/wp-content\/uploads\/2024\/05\/Sunset-in-the-Desert-1024x768.jpg 1024w, https:\/\/wonderfulsalalah.com\/wp-content\/uploads\/2024\/05\/Sunset-in-the-Desert-300x225.jpg 300w, https:\/\/wonderfulsalalah.com\/wp-content\/uploads\/2024\/05\/Sunset-in-the-Desert-768x576.jpg 768w, https:\/\/wonderfulsalalah.com\/wp-content\/uploads\/2024\/05\/Sunset-in-the-Desert-16x12.jpg 16w, https:\/\/wonderfulsalalah.com\/wp-content\/uploads\/2024\/05\/Sunset-in-the-Desert.jpg 1152w\" sizes=\"(max-width: 800px) 100vw, 800px\" \/>\t\t\t\t\t\t\t\t\t\t\t\t\t\t\t<\/div>\n\t\t\t\t<\/div>\n\t\t\t\t<div class=\"elementor-element elementor-element-7b36abf elementor-widget elementor-widget-heading\" data-id=\"7b36abf\" data-element_type=\"widget\" data-e-type=\"widget\" data-widget_type=\"heading.default\">\n\t\t\t\t<div class=\"elementor-widget-container\">\n\t\t\t\t\t<h2 class=\"elementor-heading-title elementor-size-default\"><a href=\"https:\/\/wonderfulsalalah.com\/sk\/tour-packages\/desert-1-day-sunset-in-the-desert\/\">P\u00fa\u0161\u0165 1 De\u0148 - z\u00e1pad Slnka v P\u00fa\u0161ti<\/a><\/h2>\t\t\t\t<\/div>\n\t\t\t\t<\/div>\n\t\t\t\t<div class=\"elementor-element elementor-element-7ae13bb elementor-widget elementor-widget-text-editor\" data-id=\"7ae13bb\" data-element_type=\"widget\" data-e-type=\"widget\" data-widget_type=\"text-editor.default\">\n\t\t\t\t<div class=\"elementor-widget-container\">\n\t\t\t\t\t\t\t\t\t\u2b50\u2b50\u2b50\u2b50\u2b50\t\t\t\t\t\t\t\t<\/div>\n\t\t\t\t<\/div>\n\t\t\t\t<div class=\"elementor-element elementor-element-7886cac elementor-align-left elementor-widget elementor-widget-button\" data-id=\"7886cac\" data-element_type=\"widget\" data-e-type=\"widget\" data-widget_type=\"button.default\">\n\t\t\t\t<div class=\"elementor-widget-container\">\n\t\t\t\t\t\t\t\t\t<div class=\"elementor-button-wrapper\">\n\t\t\t\t\t<a class=\"elementor-button elementor-button-link elementor-size-sm\" href=\"https:\/\/wonderfulsalalah.com\/sk\/tour-packages\/desert-1-day-sunset-in-the-desert\/\">\n\t\t\t\t\t\t<span class=\"elementor-button-content-wrapper\">\n\t\t\t\t\t\t\t\t\t<span class=\"elementor-button-text\">Details<\/span>\n\t\t\t\t\t<\/span>\n\t\t\t\t\t<\/a>\n\t\t\t\t<\/div>\n\t\t\t\t\t\t\t\t<\/div>\n\t\t\t\t<\/div>\n\t\t\t\t\t<\/div>\n\t\t<\/div>\n\t\t\t\t<div class=\"elementor-column elementor-col-33 elementor-inner-column elementor-element elementor-element-2278827 elementor-invisible\" data-id=\"2278827\" data-element_type=\"column\" data-e-type=\"column\" data-settings=\"{&quot;background_background&quot;:&quot;classic&quot;,&quot;animation&quot;:&quot;fadeInUp&quot;}\">\n\t\t\t<div class=\"elementor-widget-wrap elementor-element-populated\">\n\t\t\t\t\t\t<div class=\"elementor-element elementor-element-1677ec9 elementor-widget elementor-widget-image\" data-id=\"1677ec9\" data-element_type=\"widget\" data-e-type=\"widget\" data-widget_type=\"image.default\">\n\t\t\t\t<div class=\"elementor-widget-container\">\n\t\t\t\t\t\t\t\t\t\t\t\t\t\t\t<img loading=\"lazy\" decoding=\"async\" width=\"800\" height=\"600\" src=\"https:\/\/wonderfulsalalah.com\/wp-content\/uploads\/2024\/05\/Camping-in-the-Desert-1024x768.jpg\" class=\"attachment-large size-large wp-image-755\" alt=\"Camping in the Desert\" srcset=\"https:\/\/wonderfulsalalah.com\/wp-content\/uploads\/2024\/05\/Camping-in-the-Desert-1024x768.jpg 1024w, https:\/\/wonderfulsalalah.com\/wp-content\/uploads\/2024\/05\/Camping-in-the-Desert-300x225.jpg 300w, https:\/\/wonderfulsalalah.com\/wp-content\/uploads\/2024\/05\/Camping-in-the-Desert-768x576.jpg 768w, https:\/\/wonderfulsalalah.com\/wp-content\/uploads\/2024\/05\/Camping-in-the-Desert-16x12.jpg 16w, https:\/\/wonderfulsalalah.com\/wp-content\/uploads\/2024\/05\/Camping-in-the-Desert.jpg 1152w\" sizes=\"(max-width: 800px) 100vw, 800px\" \/>\t\t\t\t\t\t\t\t\t\t\t\t\t\t\t<\/div>\n\t\t\t\t<\/div>\n\t\t\t\t<div class=\"elementor-element elementor-element-2e9f3c3 elementor-widget elementor-widget-heading\" data-id=\"2e9f3c3\" data-element_type=\"widget\" data-e-type=\"widget\" data-widget_type=\"heading.default\">\n\t\t\t\t<div class=\"elementor-widget-container\">\n\t\t\t\t\t<h2 class=\"elementor-heading-title elementor-size-default\"><a href=\"https:\/\/wonderfulsalalah.com\/sk\/tour-packages\/desert-2-days-overnight-stay-at-a-camp-in-the-desert\/\">P\u00fa\u0161\u0165 2 Dni - Prenocovanie v T\u00e1bore v P\u00fa\u0161ti<\/a><\/h2>\t\t\t\t<\/div>\n\t\t\t\t<\/div>\n\t\t\t\t<div class=\"elementor-element elementor-element-0e90acc elementor-widget elementor-widget-text-editor\" data-id=\"0e90acc\" data-element_type=\"widget\" data-e-type=\"widget\" data-widget_type=\"text-editor.default\">\n\t\t\t\t<div class=\"elementor-widget-container\">\n\t\t\t\t\t\t\t\t\t\u2b50\u2b50\u2b50\u2b50\u2b50\t\t\t\t\t\t\t\t<\/div>\n\t\t\t\t<\/div>\n\t\t\t\t<div class=\"elementor-element elementor-element-5f08d4b elementor-align-left elementor-widget elementor-widget-button\" data-id=\"5f08d4b\" data-element_type=\"widget\" data-e-type=\"widget\" data-widget_type=\"button.default\">\n\t\t\t\t<div class=\"elementor-widget-container\">\n\t\t\t\t\t\t\t\t\t<div class=\"elementor-button-wrapper\">\n\t\t\t\t\t<a class=\"elementor-button elementor-button-link elementor-size-sm\" href=\"https:\/\/wonderfulsalalah.com\/sk\/tour-packages\/desert-2-days-overnight-stay-at-a-camp-in-the-desert\/\">\n\t\t\t\t\t\t<span class=\"elementor-button-content-wrapper\">\n\t\t\t\t\t\t\t\t\t<span class=\"elementor-button-text\">Details<\/span>\n\t\t\t\t\t<\/span>\n\t\t\t\t\t<\/a>\n\t\t\t\t<\/div>\n\t\t\t\t\t\t\t\t<\/div>\n\t\t\t\t<\/div>\n\t\t\t\t\t<\/div>\n\t\t<\/div>\n\t\t\t\t\t<\/div>\n\t\t<\/section>\n\t\t\t\t\t<\/div>\n\t\t<\/div>\n\t\t\t\t\t<\/div>\n\t\t<\/section>\n\t\t\t\t<\/div>","protected":false},"excerpt":{"rendered":"<p>Tour Packages Home Tour Packages WONDERFUL SALALAH OFFERS Best Salalah Tours in Oman Western Salalah &#8211; The Caribbean of the Orient \u2b50\u2b50\u2b50\u2b50\u2b50 Details Eastern Salalah &#8211; Mountains Tour \u2b50\u2b50\u2b50\u2b50\u2b50 Details Salalah City Tour &amp; Gardens Mall \u2b50\u2b50\u2b50\u2b50\u2b50 Details Salalah City Tour by Night \u2b50\u2b50\u2b50\u2b50\u2b50 Details Desert 1 Day &#8211; Sunset in the Desert \u2b50\u2b50\u2b50\u2b50\u2b50 Details [&hellip;]<\/p>","protected":false},"author":1,"featured_media":0,"parent":0,"menu_order":0,"comment_status":"closed","ping_status":"closed","template":"","meta":{"_joinchat":[],"footnotes":""},"class_list":["post-433","page","type-page","status-publish","hentry"],"_links":{"self":[{"href":"https:\/\/wonderfulsalalah.com\/sk\/wp-json\/wp\/v2\/pages\/433","targetHints":{"allow":["GET"]}}],"collection":[{"href":"https:\/\/wonderfulsalalah.com\/sk\/wp-json\/wp\/v2\/pages"}],"about":[{"href":"https:\/\/wonderfulsalalah.com\/sk\/wp-json\/wp\/v2\/types\/page"}],"author":[{"embeddable":true,"href":"https:\/\/wonderfulsalalah.com\/sk\/wp-json\/wp\/v2\/users\/1"}],"replies":[{"embeddable":true,"href":"https:\/\/wonderfulsalalah.com\/sk\/wp-json\/wp\/v2\/comments?post=433"}],"version-history":[{"count":25,"href":"https:\/\/wonderfulsalalah.com\/sk\/wp-json\/wp\/v2\/pages\/433\/revisions"}],"predecessor-version":[{"id":1102,"href":"https:\/\/wonderfulsalalah.com\/sk\/wp-json\/wp\/v2\/pages\/433\/revisions\/1102"}],"wp:attachment":[{"href":"https:\/\/wonderfulsalalah.com\/sk\/wp-json\/wp\/v2\/media?parent=433"}],"curies":[{"name":"wp","href":"https:\/\/api.w.org\/{rel}","templated":true}]}}